{"id":83,"date":"2015-06-23T16:23:37","date_gmt":"2015-06-23T16:23:37","guid":{"rendered":"http:\/\/krealogen.no\/?page_id=83"},"modified":"2025-10-13T17:48:02","modified_gmt":"2025-10-13T17:48:02","slug":"arbeid","status":"publish","type":"page","link":"https:\/\/krealogen.no\/","title":{"rendered":"Krealogen"},"content":{"rendered":"\r\n<div class=\"wp-block-group alignfull has-background\" style=\"background-color: #ffffff;\"><div class=\"wp-block-group__inner-container is-layout-flow wp-block-group-is-layout-flow\">\r\n<div class=\"wp-block-media-text alignwide has-media-on-the-right is-stacked-on-mobile is-vertically-aligned-top has-black-color has-text-color has-link-color wp-elements-d17c4a79eb6a8dfac3111b4d7803ecd3\">\r\n<div class=\"wp-block-media-text__content\">\r\n<h1 class=\"wp-block-heading\">Velkommen til Krealogen<\/h1>\r\n\r\n\r\n\r\n<h4 class=\"wp-block-heading\">Frilans grafisk formgiver<\/h4>\r\n\r\n\r\n\r\n<p><strong>Krealog betyr kreativ kommunikasjon.<\/strong><\/p>\r\n\r\n\r\n\r\n<p>Det handler om \u00e5 dele ideer p\u00e5 en spennende og tydelig m\u00e5te. Kommunikasjon er det som skjer mellom mennesker, og kreativitet er evnen til \u00e5 skape noe nytt.<\/p>\r\n\r\n\r\n\r\n<p>Alt vi skaper starter med en tanke. S\u00e5 setter vi ord p\u00e5 den, og til slutt gj\u00f8r vi noe med det.<br \/>Tanke \u2192 Ord \u2192 Handling.<\/p>\r\n\r\n\r\n\r\n<p>Krealogen hjelper deg \u00e5 formidle budskapet ditt \u2013 med tekst, bilder og grafisk design \u2013 slik at det treffer mottakeren p\u00e5 riktig m\u00e5te.<\/p>\r\n\r\n\r\n\r\n<p><strong>Ta gjerne kontakt om du har sp\u00f8rsm\u00e5l eller \u00f8nsker hjelp.<\/strong><br \/>Hilsen Stian<\/p>\r\n<\/div>\r\n<figure class=\"wp-block-media-text__media\">\r\n<figure id=\"attachment_1705\" aria-describedby=\"caption-attachment-1705\" style=\"width: 2117px\" class=\"wp-caption alignnone\"><a href=\"https:\/\/krealogen.no\/index.php\/ta-kontakt\/\"><img loading=\"lazy\" decoding=\"async\" class=\"wp-image-1705 size-full\" title=\"Ai bilder kan inspirere, men krever bevisst bruk. Dette bildet er et eksempel \u2013 ikke en snarvei.\" src=\"http:\/\/krealogen.no\/wp-content\/uploads\/2025\/10\/ss6.jpg\" alt=\"\" width=\"2117\" height=\"2100\" srcset=\"https:\/\/krealogen.no\/wp-content\/uploads\/2025\/10\/ss6.jpg 2117w, https:\/\/krealogen.no\/wp-content\/uploads\/2025\/10\/ss6-300x298.jpg 300w, https:\/\/krealogen.no\/wp-content\/uploads\/2025\/10\/ss6-1024x1016.jpg 1024w, https:\/\/krealogen.no\/wp-content\/uploads\/2025\/10\/ss6-150x150.jpg 150w, https:\/\/krealogen.no\/wp-content\/uploads\/2025\/10\/ss6-768x762.jpg 768w, https:\/\/krealogen.no\/wp-content\/uploads\/2025\/10\/ss6-1536x1524.jpg 1536w, https:\/\/krealogen.no\/wp-content\/uploads\/2025\/10\/ss6-100x100.jpg 100w, https:\/\/krealogen.no\/wp-content\/uploads\/2025\/10\/ss6-738x732.jpg 738w, https:\/\/krealogen.no\/wp-content\/uploads\/2025\/10\/ss6-1458x1446.jpg 1458w, https:\/\/krealogen.no\/wp-content\/uploads\/2025\/10\/ss6-996x988.jpg 996w, https:\/\/krealogen.no\/wp-content\/uploads\/2025\/10\/ss6-1992x1976.jpg 1992w\" sizes=\"auto, (max-width: 2117px) 100vw, 2117px\" \/><\/a><figcaption id=\"caption-attachment-1705\" class=\"wp-caption-text\">Ai bilder kan inspirere, men krever bevisst bruk. Dette bildet er et eksempel \u2013 ikke en snarvei.<\/figcaption><\/figure>\r\n<\/figure>\r\n<\/div>\r\n<\/div><\/div>\r\n   ","protected":false},"excerpt":{"rendered":"<p>Velkommen til Krealogen Frilans grafisk formgiver Krealog betyr kreativ kommunikasjon. Det handler om \u00e5 dele ideer p\u00e5 en spennende og tydelig m\u00e5te. Kommunikasjon er det som skjer mellom mennesker, og kreativitet er evnen til \u00e5 skape noe nytt. Alt vi skaper starter med en tanke. S\u00e5 setter vi ord p\u00e5 den, og til slutt gj\u00f8r &#8230;<\/p>\n","protected":false},"author":1,"featured_media":0,"parent":0,"menu_order":0,"comment_status":"closed","ping_status":"closed","template":"templates\/fullwidth.php","meta":{"_uag_custom_page_level_css":"","footnotes":""},"class_list":["post-83","page","type-page","status-publish","hentry"],"yoast_head":"<!-- This site is optimized with the Yoast SEO plugin v26.1.1 - https:\/\/yoast.com\/wordpress\/plugins\/seo\/ -->\n<title>Krealogen - Krealogen<\/title>\n<meta name=\"robots\" content=\"index, follow, max-snippet:-1, max-image-preview:large, max-video-preview:-1\" \/>\n<link rel=\"canonical\" href=\"https:\/\/krealogen.no\/\" \/>\n<meta property=\"og:locale\" content=\"nb_NO\" \/>\n<meta property=\"og:type\" content=\"article\" \/>\n<meta property=\"og:title\" content=\"Krealogen - Krealogen\" \/>\n<meta property=\"og:description\" content=\"Velkommen til Krealogen Frilans grafisk formgiver Krealog betyr kreativ kommunikasjon. Det handler om \u00e5 dele ideer p\u00e5 en spennende og tydelig m\u00e5te. Kommunikasjon er det som skjer mellom mennesker, og kreativitet er evnen til \u00e5 skape noe nytt. Alt vi skaper starter med en tanke. S\u00e5 setter vi ord p\u00e5 den, og til slutt gj\u00f8r ...\" \/>\n<meta property=\"og:url\" content=\"https:\/\/krealogen.no\/\" \/>\n<meta property=\"og:site_name\" content=\"Krealogen\" \/>\n<meta property=\"article:publisher\" content=\"https:\/\/www.facebook.com\/Krealogen\" \/>\n<meta property=\"article:modified_time\" content=\"2025-10-13T17:48:02+00:00\" \/>\n<meta property=\"og:image\" content=\"http:\/\/krealogen.no\/wp-content\/uploads\/2025\/10\/ss6.jpg\" \/>\n<meta name=\"twitter:card\" content=\"summary_large_image\" \/>\n<meta name=\"twitter:label1\" content=\"Ansl. lesetid\" \/>\n\t<meta name=\"twitter:data1\" content=\"1 minutt\" \/>\n<script type=\"application\/ld+json\" class=\"yoast-schema-graph\">{\"@context\":\"https:\/\/schema.org\",\"@graph\":[{\"@type\":\"WebPage\",\"@id\":\"https:\/\/krealogen.no\/\",\"url\":\"https:\/\/krealogen.no\/\",\"name\":\"Krealogen - Krealogen\",\"isPartOf\":{\"@id\":\"https:\/\/krealogen.no\/#website\"},\"primaryImageOfPage\":{\"@id\":\"https:\/\/krealogen.no\/#primaryimage\"},\"image\":{\"@id\":\"https:\/\/krealogen.no\/#primaryimage\"},\"thumbnailUrl\":\"http:\/\/krealogen.no\/wp-content\/uploads\/2025\/10\/ss6.jpg\",\"datePublished\":\"2015-06-23T16:23:37+00:00\",\"dateModified\":\"2025-10-13T17:48:02+00:00\",\"breadcrumb\":{\"@id\":\"https:\/\/krealogen.no\/#breadcrumb\"},\"inLanguage\":\"nb-NO\",\"potentialAction\":[{\"@type\":\"ReadAction\",\"target\":[\"https:\/\/krealogen.no\/\"]}]},{\"@type\":\"ImageObject\",\"inLanguage\":\"nb-NO\",\"@id\":\"https:\/\/krealogen.no\/#primaryimage\",\"url\":\"https:\/\/krealogen.no\/wp-content\/uploads\/2025\/10\/ss6.jpg\",\"contentUrl\":\"https:\/\/krealogen.no\/wp-content\/uploads\/2025\/10\/ss6.jpg\",\"width\":2117,\"height\":2100},{\"@type\":\"BreadcrumbList\",\"@id\":\"https:\/\/krealogen.no\/#breadcrumb\",\"itemListElement\":[{\"@type\":\"ListItem\",\"position\":1,\"name\":\"Hjem\",\"item\":\"https:\/\/krealogen.no\/\"},{\"@type\":\"ListItem\",\"position\":2,\"name\":\"Krealogen\"}]},{\"@type\":\"WebSite\",\"@id\":\"https:\/\/krealogen.no\/#website\",\"url\":\"https:\/\/krealogen.no\/\",\"name\":\"Krealogen\",\"description\":\"\",\"publisher\":{\"@id\":\"https:\/\/krealogen.no\/#\/schema\/person\/1c9befcb17060580a73100c62f39763f\"},\"potentialAction\":[{\"@type\":\"SearchAction\",\"target\":{\"@type\":\"EntryPoint\",\"urlTemplate\":\"https:\/\/krealogen.no\/?s={search_term_string}\"},\"query-input\":{\"@type\":\"PropertyValueSpecification\",\"valueRequired\":true,\"valueName\":\"search_term_string\"}}],\"inLanguage\":\"nb-NO\"},{\"@type\":[\"Person\",\"Organization\"],\"@id\":\"https:\/\/krealogen.no\/#\/schema\/person\/1c9befcb17060580a73100c62f39763f\",\"name\":\"webmaster\",\"image\":{\"@type\":\"ImageObject\",\"inLanguage\":\"nb-NO\",\"@id\":\"https:\/\/krealogen.no\/#\/schema\/person\/image\/\",\"url\":\"https:\/\/krealogen.no\/wp-content\/uploads\/2021\/04\/cropped-2b.jpg\",\"contentUrl\":\"https:\/\/krealogen.no\/wp-content\/uploads\/2021\/04\/cropped-2b.jpg\",\"width\":100,\"height\":70,\"caption\":\"webmaster\"},\"logo\":{\"@id\":\"https:\/\/krealogen.no\/#\/schema\/person\/image\/\"},\"sameAs\":[\"https:\/\/www.facebook.com\/Krealogen\"]}]}<\/script>\n<!-- \/ Yoast SEO plugin. -->","yoast_head_json":{"title":"Krealogen - Krealogen","robots":{"index":"index","follow":"follow","max-snippet":"max-snippet:-1","max-image-preview":"max-image-preview:large","max-video-preview":"max-video-preview:-1"},"canonical":"https:\/\/krealogen.no\/","og_locale":"nb_NO","og_type":"article","og_title":"Krealogen - Krealogen","og_description":"Velkommen til Krealogen Frilans grafisk formgiver Krealog betyr kreativ kommunikasjon. Det handler om \u00e5 dele ideer p\u00e5 en spennende og tydelig m\u00e5te. Kommunikasjon er det som skjer mellom mennesker, og kreativitet er evnen til \u00e5 skape noe nytt. Alt vi skaper starter med en tanke. S\u00e5 setter vi ord p\u00e5 den, og til slutt gj\u00f8r ...","og_url":"https:\/\/krealogen.no\/","og_site_name":"Krealogen","article_publisher":"https:\/\/www.facebook.com\/Krealogen","article_modified_time":"2025-10-13T17:48:02+00:00","og_image":[{"url":"http:\/\/krealogen.no\/wp-content\/uploads\/2025\/10\/ss6.jpg","type":"","width":"","height":""}],"twitter_card":"summary_large_image","twitter_misc":{"Ansl. lesetid":"1 minutt"},"schema":{"@context":"https:\/\/schema.org","@graph":[{"@type":"WebPage","@id":"https:\/\/krealogen.no\/","url":"https:\/\/krealogen.no\/","name":"Krealogen - Krealogen","isPartOf":{"@id":"https:\/\/krealogen.no\/#website"},"primaryImageOfPage":{"@id":"https:\/\/krealogen.no\/#primaryimage"},"image":{"@id":"https:\/\/krealogen.no\/#primaryimage"},"thumbnailUrl":"http:\/\/krealogen.no\/wp-content\/uploads\/2025\/10\/ss6.jpg","datePublished":"2015-06-23T16:23:37+00:00","dateModified":"2025-10-13T17:48:02+00:00","breadcrumb":{"@id":"https:\/\/krealogen.no\/#breadcrumb"},"inLanguage":"nb-NO","potentialAction":[{"@type":"ReadAction","target":["https:\/\/krealogen.no\/"]}]},{"@type":"ImageObject","inLanguage":"nb-NO","@id":"https:\/\/krealogen.no\/#primaryimage","url":"https:\/\/krealogen.no\/wp-content\/uploads\/2025\/10\/ss6.jpg","contentUrl":"https:\/\/krealogen.no\/wp-content\/uploads\/2025\/10\/ss6.jpg","width":2117,"height":2100},{"@type":"BreadcrumbList","@id":"https:\/\/krealogen.no\/#breadcrumb","itemListElement":[{"@type":"ListItem","position":1,"name":"Hjem","item":"https:\/\/krealogen.no\/"},{"@type":"ListItem","position":2,"name":"Krealogen"}]},{"@type":"WebSite","@id":"https:\/\/krealogen.no\/#website","url":"https:\/\/krealogen.no\/","name":"Krealogen","description":"","publisher":{"@id":"https:\/\/krealogen.no\/#\/schema\/person\/1c9befcb17060580a73100c62f39763f"},"potentialAction":[{"@type":"SearchAction","target":{"@type":"EntryPoint","urlTemplate":"https:\/\/krealogen.no\/?s={search_term_string}"},"query-input":{"@type":"PropertyValueSpecification","valueRequired":true,"valueName":"search_term_string"}}],"inLanguage":"nb-NO"},{"@type":["Person","Organization"],"@id":"https:\/\/krealogen.no\/#\/schema\/person\/1c9befcb17060580a73100c62f39763f","name":"webmaster","image":{"@type":"ImageObject","inLanguage":"nb-NO","@id":"https:\/\/krealogen.no\/#\/schema\/person\/image\/","url":"https:\/\/krealogen.no\/wp-content\/uploads\/2021\/04\/cropped-2b.jpg","contentUrl":"https:\/\/krealogen.no\/wp-content\/uploads\/2021\/04\/cropped-2b.jpg","width":100,"height":70,"caption":"webmaster"},"logo":{"@id":"https:\/\/krealogen.no\/#\/schema\/person\/image\/"},"sameAs":["https:\/\/www.facebook.com\/Krealogen"]}]}},"uagb_featured_image_src":{"full":false,"thumbnail":false,"medium":false,"medium_large":false,"large":false,"1536x1536":false,"2048x2048":false,"portfolio-toolkit-thumbnail":false,"738x0":false,"1476x0":false,"996x0":false,"1992x0":false,"480x480":false,"960x960":false},"uagb_author_info":{"display_name":"webmaster","author_link":"https:\/\/krealogen.no\/index.php\/author\/webmaster\/"},"uagb_comment_info":0,"uagb_excerpt":"Velkommen til Krealogen Frilans grafisk formgiver Krealog betyr kreativ kommunikasjon. Det handler om \u00e5 dele ideer p\u00e5 en spennende og tydelig m\u00e5te. Kommunikasjon er det som skjer mellom mennesker, og kreativitet er evnen til \u00e5 skape noe nytt. Alt vi skaper starter med en tanke. S\u00e5 setter vi ord p\u00e5 den, og til slutt gj\u00f8r&hellip;","_links":{"self":[{"href":"https:\/\/krealogen.no\/index.php\/wp-json\/wp\/v2\/pages\/83","targetHints":{"allow":["GET"]}}],"collection":[{"href":"https:\/\/krealogen.no\/index.php\/wp-json\/wp\/v2\/pages"}],"about":[{"href":"https:\/\/krealogen.no\/index.php\/wp-json\/wp\/v2\/types\/page"}],"author":[{"embeddable":true,"href":"https:\/\/krealogen.no\/index.php\/wp-json\/wp\/v2\/users\/1"}],"replies":[{"embeddable":true,"href":"https:\/\/krealogen.no\/index.php\/wp-json\/wp\/v2\/comments?post=83"}],"version-history":[{"count":140,"href":"https:\/\/krealogen.no\/index.php\/wp-json\/wp\/v2\/pages\/83\/revisions"}],"predecessor-version":[{"id":1729,"href":"https:\/\/krealogen.no\/index.php\/wp-json\/wp\/v2\/pages\/83\/revisions\/1729"}],"wp:attachment":[{"href":"https:\/\/krealogen.no\/index.php\/wp-json\/wp\/v2\/media?parent=83"}],"curies":[{"name":"wp","href":"https:\/\/api.w.org\/{rel}","templated":true}]}}